{"id":30,"date":"2024-01-17T02:15:51","date_gmt":"2024-01-17T02:15:51","guid":{"rendered":"https:\/\/treintergamedios.com\/?page_id=30"},"modified":"2025-11-26T17:48:38","modified_gmt":"2025-11-26T17:48:38","slug":"equipo","status":"publish","type":"page","link":"https:\/\/treintegramedios.com\/index.php\/equipo\/","title":{"rendered":"Equipo"},"content":{"rendered":"\t\t<div data-elementor-type=\"wp-page\" data-elementor-id=\"30\" class=\"elementor elementor-30\">\n\t\t\t\t<div class=\"elementor-element elementor-element-d968803 e-flex e-con-boxed e-con e-parent\" data-id=\"d968803\" data-element_type=\"container\">\n\t\t\t\t\t<div class=\"e-con-inner\">\n\t\t\t\t<div class=\"elementor-element elementor-element-7379f94 elementor-widget elementor-widget-heading\" data-id=\"7379f94\" data-element_type=\"widget\" data-widget_type=\"heading.default\">\n\t\t\t\t<div class=\"elementor-widget-container\">\n\t\t\t<style>\/*! elementor - v3.21.0 - 15-04-2024 *\/\n.elementor-heading-title{padding:0;margin:0;line-height:1}.elementor-widget-heading .elementor-heading-title[class*=elementor-size-]>a{color:inherit;font-size:inherit;line-height:inherit}.elementor-widget-heading .elementor-heading-title.elementor-size-small{font-size:15px}.elementor-widget-heading .elementor-heading-title.elementor-size-medium{font-size:19px}.elementor-widget-heading .elementor-heading-title.elementor-size-large{font-size:29px}.elementor-widget-heading .elementor-heading-title.elementor-size-xl{font-size:39px}.elementor-widget-heading .elementor-heading-title.elementor-size-xxl{font-size:59px}<\/style><h1 class=\"elementor-heading-title elementor-size-default\">Nosotros<\/h1>\t\t<\/div>\n\t\t\t\t<\/div>\n\t\t\t\t\t<\/div>\n\t\t\t\t<\/div>\n\t\t<div class=\"elementor-element elementor-element-edf69a8 e-flex e-con-boxed e-con e-parent\" data-id=\"edf69a8\" data-element_type=\"container\">\n\t\t\t\t\t<div class=\"e-con-inner\">\n\t\t\t\t<div class=\"elementor-element elementor-element-7c28666 elementor-widget-divider--view-line elementor-widget elementor-widget-divider\" data-id=\"7c28666\" data-element_type=\"widget\" data-widget_type=\"divider.default\">\n\t\t\t\t<div class=\"elementor-widget-container\">\n\t\t\t<style>\/*! elementor - v3.21.0 - 15-04-2024 *\/\n.elementor-widget-divider{--divider-border-style:none;--divider-border-width:1px;--divider-color:#0c0d0e;--divider-icon-size:20px;--divider-element-spacing:10px;--divider-pattern-height:24px;--divider-pattern-size:20px;--divider-pattern-url:none;--divider-pattern-repeat:repeat-x}.elementor-widget-divider .elementor-divider{display:flex}.elementor-widget-divider .elementor-divider__text{font-size:15px;line-height:1;max-width:95%}.elementor-widget-divider .elementor-divider__element{margin:0 var(--divider-element-spacing);flex-shrink:0}.elementor-widget-divider .elementor-icon{font-size:var(--divider-icon-size)}.elementor-widget-divider .elementor-divider-separator{display:flex;margin:0;direction:ltr}.elementor-widget-divider--view-line_icon .elementor-divider-separator,.elementor-widget-divider--view-line_text .elementor-divider-separator{align-items:center}.elementor-widget-divider--view-line_icon .elementor-divider-separator:after,.elementor-widget-divider--view-line_icon .elementor-divider-separator:before,.elementor-widget-divider--view-line_text .elementor-divider-separator:after,.elementor-widget-divider--view-line_text .elementor-divider-separator:before{display:block;content:\"\";border-block-end:0;flex-grow:1;border-block-start:var(--divider-border-width) var(--divider-border-style) var(--divider-color)}.elementor-widget-divider--element-align-left .elementor-divider .elementor-divider-separator>.elementor-divider__svg:first-of-type{flex-grow:0;flex-shrink:100}.elementor-widget-divider--element-align-left .elementor-divider-separator:before{content:none}.elementor-widget-divider--element-align-left .elementor-divider__element{margin-left:0}.elementor-widget-divider--element-align-right .elementor-divider .elementor-divider-separator>.elementor-divider__svg:last-of-type{flex-grow:0;flex-shrink:100}.elementor-widget-divider--element-align-right .elementor-divider-separator:after{content:none}.elementor-widget-divider--element-align-right .elementor-divider__element{margin-right:0}.elementor-widget-divider--element-align-start .elementor-divider .elementor-divider-separator>.elementor-divider__svg:first-of-type{flex-grow:0;flex-shrink:100}.elementor-widget-divider--element-align-start .elementor-divider-separator:before{content:none}.elementor-widget-divider--element-align-start .elementor-divider__element{margin-inline-start:0}.elementor-widget-divider--element-align-end .elementor-divider .elementor-divider-separator>.elementor-divider__svg:last-of-type{flex-grow:0;flex-shrink:100}.elementor-widget-divider--element-align-end .elementor-divider-separator:after{content:none}.elementor-widget-divider--element-align-end .elementor-divider__element{margin-inline-end:0}.elementor-widget-divider:not(.elementor-widget-divider--view-line_text):not(.elementor-widget-divider--view-line_icon) .elementor-divider-separator{border-block-start:var(--divider-border-width) var(--divider-border-style) var(--divider-color)}.elementor-widget-divider--separator-type-pattern{--divider-border-style:none}.elementor-widget-divider--separator-type-pattern.elementor-widget-divider--view-line .elementor-divider-separator,.elementor-widget-divider--separator-type-pattern:not(.elementor-widget-divider--view-line) .elementor-divider-separator:after,.elementor-widget-divider--separator-type-pattern:not(.elementor-widget-divider--view-line) .elementor-divider-separator:before,.elementor-widget-divider--separator-type-pattern:not([class*=elementor-widget-divider--view]) .elementor-divider-separator{width:100%;min-height:var(--divider-pattern-height);-webkit-mask-size:var(--divider-pattern-size) 100%;mask-size:var(--divider-pattern-size) 100%;-webkit-mask-repeat:var(--divider-pattern-repeat);mask-repeat:var(--divider-pattern-repeat);background-color:var(--divider-color);-webkit-mask-image:var(--divider-pattern-url);mask-image:var(--divider-pattern-url)}.elementor-widget-divider--no-spacing{--divider-pattern-size:auto}.elementor-widget-divider--bg-round{--divider-pattern-repeat:round}.rtl .elementor-widget-divider .elementor-divider__text{direction:rtl}.e-con-inner>.elementor-widget-divider,.e-con>.elementor-widget-divider{width:var(--container-widget-width,100%);--flex-grow:var(--container-widget-flex-grow)}<\/style>\t\t<div class=\"elementor-divider\">\n\t\t\t<span class=\"elementor-divider-separator\">\n\t\t\t\t\t\t<\/span>\n\t\t<\/div>\n\t\t\t\t<\/div>\n\t\t\t\t<\/div>\n\t\t\t\t\t<\/div>\n\t\t\t\t<\/div>\n\t\t<div class=\"elementor-element elementor-element-f0d21de e-flex e-con-boxed e-con e-parent\" data-id=\"f0d21de\" data-element_type=\"container\">\n\t\t\t\t\t<div class=\"e-con-inner\">\n\t\t<div class=\"elementor-element elementor-element-05f571b e-con-full e-flex e-con e-child\" data-id=\"05f571b\" data-element_type=\"container\">\n\t\t\t\t<div class=\"elementor-element elementor-element-78d7bf8 elementor-widget elementor-widget-image\" data-id=\"78d7bf8\" data-element_type=\"widget\" data-widget_type=\"image.default\">\n\t\t\t\t<div class=\"elementor-widget-container\">\n\t\t\t<style>\/*! elementor - v3.21.0 - 15-04-2024 *\/\n.elementor-widget-image{text-align:center}.elementor-widget-image a{display:inline-block}.elementor-widget-image a img[src$=\".svg\"]{width:48px}.elementor-widget-image img{vertical-align:middle;display:inline-block}<\/style>\t\t\t\t\t\t\t\t\t\t<img fetchpriority=\"high\" decoding=\"async\" width=\"768\" height=\"1024\" src=\"https:\/\/treintegramedios.com\/wp-content\/uploads\/2024\/12\/fotoleo-768x1024.jpg\" class=\"elementor-animation-grow attachment-large size-large wp-image-337\" alt=\"foto leonardo\" srcset=\"https:\/\/treintegramedios.com\/wp-content\/uploads\/2024\/12\/fotoleo-768x1024.jpg 768w, https:\/\/treintegramedios.com\/wp-content\/uploads\/2024\/12\/fotoleo-225x300.jpg 225w, https:\/\/treintegramedios.com\/wp-content\/uploads\/2024\/12\/fotoleo-500x666.jpg 500w, https:\/\/treintegramedios.com\/wp-content\/uploads\/2024\/12\/fotoleo.jpg 799w\" sizes=\"(max-width: 768px) 100vw, 768px\" \/>\t\t\t\t\t\t\t\t\t\t\t\t\t<\/div>\n\t\t\t\t<\/div>\n\t\t\t\t<\/div>\n\t\t<div class=\"elementor-element elementor-element-9ef180d e-con-full e-flex e-con e-child\" data-id=\"9ef180d\" data-element_type=\"container\">\n\t\t\t\t<div class=\"elementor-element elementor-element-ecec3ee elementor-widget elementor-widget-heading\" data-id=\"ecec3ee\" data-element_type=\"widget\" data-widget_type=\"heading.default\">\n\t\t\t\t<div class=\"elementor-widget-container\">\n\t\t\t<h2 class=\"elementor-heading-title elementor-size-default\">Leonardo Abenante | Director &amp; Fundador<\/h2>\t\t<\/div>\n\t\t\t\t<\/div>\n\t\t\t\t<div class=\"elementor-element elementor-element-b4f3978 elementor-widget elementor-widget-text-editor\" data-id=\"b4f3978\" data-element_type=\"widget\" data-widget_type=\"text-editor.default\">\n\t\t\t\t<div class=\"elementor-widget-container\">\n\t\t\t<style>\/*! elementor - v3.21.0 - 15-04-2024 *\/\n.elementor-widget-text-editor.elementor-drop-cap-view-stacked .elementor-drop-cap{background-color:#69727d;color:#fff}.elementor-widget-text-editor.elementor-drop-cap-view-framed .elementor-drop-cap{color:#69727d;border:3px solid;background-color:transparent}.elementor-widget-text-editor:not(.elementor-drop-cap-view-default) .elementor-drop-cap{margin-top:8px}.elementor-widget-text-editor:not(.elementor-drop-cap-view-default) .elementor-drop-cap-letter{width:1em;height:1em}.elementor-widget-text-editor .elementor-drop-cap{float:left;text-align:center;line-height:1;font-size:50px}.elementor-widget-text-editor .elementor-drop-cap-letter{display:inline-block}<\/style>\t\t\t\t<p>Con m\u00e1s de 30 a\u00f1os en el \u00e1mbito de la comunicaci\u00f3n y los medios, he trabajado con centrales, agencias, anunciantes p\u00fablicos y privados, as\u00ed como con diversos medios de prensa, radio y televisi\u00f3n. Mi experiencia incluye an\u00e1lisis de audiencia, planificaci\u00f3n de medios tradicionales y digitales, investigaci\u00f3n de mercado \u2014tanto cualitativa como cuantitativa\u2014 y estudios adhoc orientados a comprender comportamientos, tendencias y niveles de eficacia de la comunicaci\u00f3n.<\/p><p>A lo largo de mi trayectoria he coordinado proyectos de encuestas, focus groups y an\u00e1lisis de opini\u00f3n p\u00fablica, adem\u00e1s de desarrollar trabajos de relaciones p\u00fablicas y docencia vinculada al sector.<\/p><p>Fund\u00e9 TreIntegraMedios para ofrecer un servicio integral que combine estrategia, datos y creatividad, con una mirada clara hacia los objetivos de cada cliente y una ejecuci\u00f3n eficiente en todos los niveles de comunicaci\u00f3n.<\/p>\t\t\t\t\t\t<\/div>\n\t\t\t\t<\/div>\n\t\t\t\t<\/div>\n\t\t\t\t\t<\/div>\n\t\t\t\t<\/div>\n\t\t<div class=\"elementor-element elementor-element-86c42fe e-flex e-con-boxed e-con e-parent\" data-id=\"86c42fe\" data-element_type=\"container\">\n\t\t\t\t\t<div class=\"e-con-inner\">\n\t\t<div class=\"elementor-element elementor-element-7144cc5 e-con-full e-flex e-con e-child\" data-id=\"7144cc5\" data-element_type=\"container\">\n\t\t\t\t<div class=\"elementor-element elementor-element-0b1b8e8 elementor-widget elementor-widget-heading\" data-id=\"0b1b8e8\" data-element_type=\"widget\" data-widget_type=\"heading.default\">\n\t\t\t\t<div class=\"elementor-widget-container\">\n\t\t\t<h2 class=\"elementor-heading-title elementor-size-default\">Virginia Padron<\/h2>\t\t<\/div>\n\t\t\t\t<\/div>\n\t\t\t\t<div class=\"elementor-element elementor-element-7a319d3 elementor-widget elementor-widget-text-editor\" data-id=\"7a319d3\" data-element_type=\"widget\" data-widget_type=\"text-editor.default\">\n\t\t\t\t<div class=\"elementor-widget-container\">\n\t\t\t\t\t\t\t<p>Directora y Co-founder<\/p>\t\t\t\t\t\t<\/div>\n\t\t\t\t<\/div>\n\t\t\t\t<\/div>\n\t\t<div class=\"elementor-element elementor-element-dec3e16 e-con-full e-flex e-con e-child\" data-id=\"dec3e16\" data-element_type=\"container\">\n\t\t\t\t<div class=\"elementor-element elementor-element-c054bbb elementor-widget elementor-widget-image\" data-id=\"c054bbb\" data-element_type=\"widget\" data-widget_type=\"image.default\">\n\t\t\t\t<div class=\"elementor-widget-container\">\n\t\t\t\t\t\t\t\t\t\t\t\t\t<img decoding=\"async\" width=\"577\" height=\"1024\" src=\"https:\/\/treintegramedios.com\/wp-content\/uploads\/2025\/11\/WhatsApp-Image-2025-11-20-at-13.15.50-577x1024.jpeg\" class=\"attachment-large size-large wp-image-358\" alt=\"virginia padron\" srcset=\"https:\/\/treintegramedios.com\/wp-content\/uploads\/2025\/11\/WhatsApp-Image-2025-11-20-at-13.15.50-577x1024.jpeg 577w, https:\/\/treintegramedios.com\/wp-content\/uploads\/2025\/11\/WhatsApp-Image-2025-11-20-at-13.15.50-169x300.jpeg 169w, https:\/\/treintegramedios.com\/wp-content\/uploads\/2025\/11\/WhatsApp-Image-2025-11-20-at-13.15.50-768x1364.jpeg 768w, https:\/\/treintegramedios.com\/wp-content\/uploads\/2025\/11\/WhatsApp-Image-2025-11-20-at-13.15.50-865x1536.jpeg 865w, https:\/\/treintegramedios.com\/wp-content\/uploads\/2025\/11\/WhatsApp-Image-2025-11-20-at-13.15.50-500x888.jpeg 500w, https:\/\/treintegramedios.com\/wp-content\/uploads\/2025\/11\/WhatsApp-Image-2025-11-20-at-13.15.50-800x1421.jpeg 800w, https:\/\/treintegramedios.com\/wp-content\/uploads\/2025\/11\/WhatsApp-Image-2025-11-20-at-13.15.50.jpeg 901w\" sizes=\"(max-width: 577px) 100vw, 577px\" \/>\t\t\t\t\t\t\t\t\t\t\t\t\t<\/div>\n\t\t\t\t<\/div>\n\t\t\t\t<\/div>\n\t\t\t\t\t<\/div>\n\t\t\t\t<\/div>\n\t\t<div class=\"elementor-element elementor-element-55ed631 e-flex e-con-boxed e-con e-parent\" data-id=\"55ed631\" data-element_type=\"container\">\n\t\t\t\t\t<div class=\"e-con-inner\">\n\t\t<div class=\"elementor-element elementor-element-b2b5f11 e-con-full e-flex e-con e-child\" data-id=\"b2b5f11\" data-element_type=\"container\">\n\t\t\t\t<div class=\"elementor-element elementor-element-b9156fd elementor-widget elementor-widget-image\" data-id=\"b9156fd\" data-element_type=\"widget\" data-widget_type=\"image.default\">\n\t\t\t\t<div class=\"elementor-widget-container\">\n\t\t\t\t\t\t\t\t\t\t\t\t\t<img decoding=\"async\" width=\"768\" height=\"1024\" src=\"https:\/\/treintegramedios.com\/wp-content\/uploads\/2025\/11\/fotocv-768x1024.jpg\" class=\"elementor-animation-grow attachment-large size-large wp-image-359\" alt=\"\" srcset=\"https:\/\/treintegramedios.com\/wp-content\/uploads\/2025\/11\/fotocv-768x1024.jpg 768w, https:\/\/treintegramedios.com\/wp-content\/uploads\/2025\/11\/fotocv-225x300.jpg 225w, https:\/\/treintegramedios.com\/wp-content\/uploads\/2025\/11\/fotocv-1152x1536.jpg 1152w, https:\/\/treintegramedios.com\/wp-content\/uploads\/2025\/11\/fotocv-500x667.jpg 500w, https:\/\/treintegramedios.com\/wp-content\/uploads\/2025\/11\/fotocv-800x1067.jpg 800w, https:\/\/treintegramedios.com\/wp-content\/uploads\/2025\/11\/fotocv.jpg 1200w\" sizes=\"(max-width: 768px) 100vw, 768px\" \/>\t\t\t\t\t\t\t\t\t\t\t\t\t<\/div>\n\t\t\t\t<\/div>\n\t\t\t\t<\/div>\n\t\t<div class=\"elementor-element elementor-element-98f322f e-con-full e-flex e-con e-child\" data-id=\"98f322f\" data-element_type=\"container\">\n\t\t\t\t<div class=\"elementor-element elementor-element-28bcaa0 elementor-widget elementor-widget-heading\" data-id=\"28bcaa0\" data-element_type=\"widget\" data-widget_type=\"heading.default\">\n\t\t\t\t<div class=\"elementor-widget-container\">\n\t\t\t<h2 class=\"elementor-heading-title elementor-size-default\">Tiago Abenante | Analista en sistemas &amp; datos<\/h2>\t\t<\/div>\n\t\t\t\t<\/div>\n\t\t\t\t<div class=\"elementor-element elementor-element-5cc31fd elementor-widget elementor-widget-text-editor\" data-id=\"5cc31fd\" data-element_type=\"widget\" data-widget_type=\"text-editor.default\">\n\t\t\t\t<div class=\"elementor-widget-container\">\n\t\t\t\t\t\t\t<p>Aporto una mirada estrat\u00e9gica y anal\u00edtica en cada proyecto. Combino mi formaci\u00f3n en <strong data-start=\"339\" data-end=\"397\">Licenciatura en Sistemas<\/strong>\u00a0con experiencia pr\u00e1ctica en <strong data-start=\"426\" data-end=\"498\">planificaci\u00f3n de medios, an\u00e1lisis de KPIs y performance publicitaria<\/strong>.<\/p><p><br data-start=\"499\" data-end=\"502\" \/>Mi enfoque se centra en comprender a fondo a las audiencias, optimizar inversiones y generar decisiones basadas en datos, integrando tecnolog\u00eda y marketing para lograr resultados medibles.<\/p><p>Brindo al equipo de una combinaci\u00f3n \u00fanica de <strong data-start=\"1234\" data-end=\"1292\">visi\u00f3n t\u00e9cnica, creatividad y orientaci\u00f3n a resultados<\/strong>, sumando frescura y profesionalismo al equipo de TreIntegraMedios.<\/p>\t\t\t\t\t\t<\/div>\n\t\t\t\t<\/div>\n\t\t\t\t<\/div>\n\t\t\t\t\t<\/div>\n\t\t\t\t<\/div>\n\t\t\t\t<\/div>\n\t\t","protected":false},"excerpt":{"rendered":"<p>Nosotros Leonardo Abenante | Director &amp; Fundador Con m\u00e1s de 30 a\u00f1os en el \u00e1mbito de la comunicaci\u00f3n y los medios, he trabajado con centrales, agencias, anunciantes p\u00fablicos y privados, as\u00ed como con diversos medios de prensa, radio y televisi\u00f3n. Mi experiencia incluye an\u00e1lisis de audiencia, planificaci\u00f3n de medios tradicionales y digitales, investigaci\u00f3n de mercado [&hellip;]<\/p>\n","protected":false},"author":1,"featured_media":0,"parent":0,"menu_order":0,"comment_status":"closed","ping_status":"closed","template":"elementor_header_footer","meta":{"footnotes":""},"class_list":["post-30","page","type-page","status-publish","hentry"],"_links":{"self":[{"href":"https:\/\/treintegramedios.com\/index.php\/wp-json\/wp\/v2\/pages\/30"}],"collection":[{"href":"https:\/\/treintegramedios.com\/index.php\/wp-json\/wp\/v2\/pages"}],"about":[{"href":"https:\/\/treintegramedios.com\/index.php\/wp-json\/wp\/v2\/types\/page"}],"author":[{"embeddable":true,"href":"https:\/\/treintegramedios.com\/index.php\/wp-json\/wp\/v2\/users\/1"}],"replies":[{"embeddable":true,"href":"https:\/\/treintegramedios.com\/index.php\/wp-json\/wp\/v2\/comments?post=30"}],"version-history":[{"count":42,"href":"https:\/\/treintegramedios.com\/index.php\/wp-json\/wp\/v2\/pages\/30\/revisions"}],"predecessor-version":[{"id":489,"href":"https:\/\/treintegramedios.com\/index.php\/wp-json\/wp\/v2\/pages\/30\/revisions\/489"}],"wp:attachment":[{"href":"https:\/\/treintegramedios.com\/index.php\/wp-json\/wp\/v2\/media?parent=30"}],"curies":[{"name":"wp","href":"https:\/\/api.w.org\/{rel}","templated":true}]}}